{"id":80,"date":"2017-10-17T08:31:33","date_gmt":"2017-10-17T07:31:33","guid":{"rendered":"http:\/\/sv.wilhelm-ostwald-schule.de\/?page_id=80"},"modified":"2019-04-01T17:24:58","modified_gmt":"2019-04-01T16:24:58","slug":"aktuelles","status":"publish","type":"page","link":"https:\/\/sv.wilhelm-ostwald-schule.de\/?page_id=80","title":{"rendered":"Aktuelles"},"content":{"rendered":"<div class=\"h5ab-print-button-container\"><div class=\"h5ab-print-button h5ab-print-button-right\" style=\"cursor: pointer; color: #ce0202\"><i class=\"fa fa-print fa-lg\"><\/i>\n\t\t\t\t\t\t\t<span>Drucken<\/span><\/div><\/div>\n<ul>\n<li><strong>02. April 2019<\/strong>\u00a0\u2013 SV-Versammlung der Abteilung 2 (BG, GTA, OF, IBA) 3.Block SV-Raum 117 im I.OG (Klassensprecher sind f\u00fcr die Versammlung vom Unterricht freigestellt)<\/li>\n<\/ul>\n<p>Themen der SV-Versammlung<\/p>\n<ul>\n<li>Bericht \u00fcber die letzte Sitzung der Schulkonferenz<\/li>\n<li>Nachwahlen von SV-Mitgliedern zu schulischen Gremien und Best\u00e4tigung bisher \u00fcbernommener Aufgaben<\/li>\n<li>Zusammensetzung und Funktion der Essenskommission (Nachwahlen)<\/li>\n<li>Die Schule in social media (<a href=\"https:\/\/www.instagram.com\/wilhelm_ostwald_schule\/\">instagram<\/a>)<\/li>\n<li>Zukunft der Sch\u00fclerzeitung<\/li>\n<li>Zukunft der Sch\u00fclervertretung (SV oder SMV)<\/li>\n<li>Teilnahme an der Abteilungskonferenz am 02. April 2019 15:30 Caf\u00e9teria<\/li>\n<\/ul>\n<p><strong>R\u00fcckblick<\/strong><\/p>\n<p>Die n\u00e4chste Sitzung der Schulkonferenz findet am 15. November 2017 (<a href=\"http:\/\/www.wilhelm-ostwald-schule.de\/index.php\/2014-10-07-22-28-38\/schuelerservice\/kalender\/icalrepeat.detail\/2017\/11\/15\/927\/-\/schulkonferenz\" target=\"_blank\" rel=\"noopener\">siehe Kalendereintrag<\/a>)<\/p>\n<ul>\n<li>Antr\u00e4ge der Sch\u00fclervertretung k\u00f6nnen eine Woche im Vorfeld bei der Schulleitung eingereicht werden. Diese werden dann in die Tagesordnung aufgenommen. Zur Vorbereitung der Schulkonferenz und Abfassung von Antr\u00e4gen sollte ein Treffen der SV am 8. November (Mittwoch 11:20 bis in den 3. Block) stattfinden. Die Vertreter f\u00fcr die Schulkonferenz sollten bitte bei diesem Termin anwesend sein.<\/li>\n<\/ul>\n<p>Auf den Bildungsgangkonferenzen wurden verschiedene Themen benannt, die die Sch\u00fclervertretung in K\u00fcrze bearbeiten m\u00f6chte.<\/p>\n<ul>\n<li>Techniker: Darstellung der Schule in den Social Media \/ Neugestaltung des Webauftritts der Fachschule<\/li>\n<li>GTA\/FOS: 1. Caf\u00e9teria 2. \u00d6ffnungszeiten der Caf\u00e9teria 3. Umgang mit den Toiletten 4. Trainingsraum 5. Handyregelung 6. Abstimmung Schulball 7. Informationsveranstaltungen zur Weiterbildung\/Studienaufnahme\/Zukunftsgestaltung<\/li>\n<li>BG: 1. Caf\u00e9teria 2. Toiletten 3. Anti-Rassismus-Projekte erneuern\/verbessern 4. B\u00fccherbasar 5. Materiallisten \u00fcberarbeiten<\/li>\n<li>Berufsschule: Informationsveranstaltungen zur Weiterbildung nach der Berufsausbildung<\/li>\n<\/ul>\n","protected":false},"excerpt":{"rendered":"<p>02. April 2019\u00a0\u2013 SV-Versammlung der Abteilung 2 (BG, GTA, OF, IBA) 3.Block SV-Raum 117 im I.OG (Klassensprecher sind f\u00fcr die Versammlung vom Unterricht freigestellt) Themen der SV-Versammlung Bericht \u00fcber die &hellip; <\/p>\n<p class=\"link-more\"><a href=\"https:\/\/sv.wilhelm-ostwald-schule.de\/?page_id=80\" class=\"more-link\"><span class=\"screen-reader-text\">\u201eAktuelles\u201c<\/span> weiterlesen<\/a><\/p>\n","protected":false},"author":2,"featured_media":0,"parent":0,"menu_order":0,"comment_status":"closed","ping_status":"closed","template":"","meta":[],"_links":{"self":[{"href":"https:\/\/sv.wilhelm-ostwald-schule.de\/index.php?rest_route=\/wp\/v2\/pages\/80"}],"collection":[{"href":"https:\/\/sv.wilhelm-ostwald-schule.de\/index.php?rest_route=\/wp\/v2\/pages"}],"about":[{"href":"https:\/\/sv.wilhelm-ostwald-schule.de\/index.php?rest_route=\/wp\/v2\/types\/page"}],"author":[{"embeddable":true,"href":"https:\/\/sv.wilhelm-ostwald-schule.de\/index.php?rest_route=\/wp\/v2\/users\/2"}],"replies":[{"embeddable":true,"href":"https:\/\/sv.wilhelm-ostwald-schule.de\/index.php?rest_route=%2Fwp%2Fv2%2Fcomments&post=80"}],"version-history":[{"count":9,"href":"https:\/\/sv.wilhelm-ostwald-schule.de\/index.php?rest_route=\/wp\/v2\/pages\/80\/revisions"}],"predecessor-version":[{"id":197,"href":"https:\/\/sv.wilhelm-ostwald-schule.de\/index.php?rest_route=\/wp\/v2\/pages\/80\/revisions\/197"}],"wp:attachment":[{"href":"https:\/\/sv.wilhelm-ostwald-schule.de\/index.php?rest_route=%2Fwp%2Fv2%2Fmedia&parent=80"}],"curies":[{"name":"wp","href":"https:\/\/api.w.org\/{rel}","templated":true}]}}