{"id":8,"date":"2007-11-17T12:33:47","date_gmt":"2007-11-17T11:33:47","guid":{"rendered":"http:\/\/sv.wilhelm-ostwald-schule.de\/?page_id=8"},"modified":"2021-11-02T23:00:09","modified_gmt":"2021-11-02T22:00:09","slug":"uber","status":"publish","type":"page","link":"https:\/\/sv.wilhelm-ostwald-schule.de\/?page_id=8","title":{"rendered":"&#8230; \u00fcber"},"content":{"rendered":"<p><div class=\"h5ab-print-button-container\"><div class=\"h5ab-print-button h5ab-print-button-right\" style=\"cursor: pointer; color: #ce0202\"><i class=\"fa fa-print fa-lg\"><\/i>\n\t\t\t\t\t\t\t<span>Drucken<\/span><\/div><\/div>Hier tauscht die SV ihre Gedanken aus und verschickt Ank\u00fcndigungen.<\/p>\n<p>Aufbau der SV im \u00dcberblick \u00a0 \u00a0 \u00a0<a href=\"http:\/\/sv.wilhelm-ostwald-schule.de\/wp-content\/uploads\/2017\/10\/sv2017-Mitglieder.gif\"><img decoding=\"async\" loading=\"lazy\" class=\"alignnone size-medium wp-image-39\" src=\"http:\/\/sv.wilhelm-ostwald-schule.de\/wp-content\/uploads\/2017\/10\/sv2017-Mitglieder-300x230.gif\" alt=\"Sch\u00fclervertretung 2017\" width=\"300\" height=\"230\" \/><\/a><\/p>\n<p>Dr Blog wurde von unserem ehemaligen Kollegen Herr Scharff initiert. Ziel des Blogs ist es die Interessen der Sch\u00fclervertretung zu ver\u00f6ffentlichen. Als Initiatoren dieses Blogs bitte wir die jeweilige Sch\u00fclervertretung darum, auf dem Blog ein Foto mit den Namen der einzelnen Sch\u00fclervertreter zu hinterlegen. Es ist leichter jemanden anzusprechen, den man schon mal gesehen hat, wenn es auch nur auf einem Foto war. Die erste SV im Jahr 2004 hat dies vorgemacht, so k\u00f6nnte es weitergehen.<\/p>\n<p>Falls es Probleme oder Unklarheiten mit dem Blog gibt, kann man sich an den jeweiligen Schulsprecher oder an uns wenden.<\/p>\n<p>Gutes Gelingen w\u00fcnschen<\/p>\n<p><a href=\"mailto:fuchs@wilhelm-ostwald-schule.de\">Frau Fuchs (Mail)<\/a><\/p>\n<p><a href=\"mailto:lenzke@wilhelm-ostwald-schule.de\">Herr Lenke (Mail)<\/a><\/p>\n<p><a href=\"mailto:pitschmann@wilhelm-ostwald-schule.de\">Herr Pitschmann (Mail)<\/a><\/p>\n<p><a href=\"mailto:stuermer@wilhelm-ostwald-schule.de\">Herr St\u00fcrmer (Mail)<\/a><\/p>\n<p>\u00a0<\/p>\n<p>\u00a0<\/p>\n<p><!--contact form--><\/p>\n\n\n<p><\/p>\n","protected":false},"excerpt":{"rendered":"<p>Hier tauscht die SV ihre Gedanken aus und verschickt Ank\u00fcndigungen. Aufbau der SV im \u00dcberblick \u00a0 \u00a0 \u00a0 Dr Blog wurde von unserem ehemaligen Kollegen Herr Scharff initiert. Ziel des &hellip; <\/p>\n<p class=\"link-more\"><a href=\"https:\/\/sv.wilhelm-ostwald-schule.de\/?page_id=8\" class=\"more-link\"><span class=\"screen-reader-text\">\u201e&#8230; \u00fcber\u201c<\/span> weiterlesen<\/a><\/p>\n","protected":false},"author":2,"featured_media":0,"parent":0,"menu_order":0,"comment_status":"open","ping_status":"open","template":"","meta":[],"_links":{"self":[{"href":"https:\/\/sv.wilhelm-ostwald-schule.de\/index.php?rest_route=\/wp\/v2\/pages\/8"}],"collection":[{"href":"https:\/\/sv.wilhelm-ostwald-schule.de\/index.php?rest_route=\/wp\/v2\/pages"}],"about":[{"href":"https:\/\/sv.wilhelm-ostwald-schule.de\/index.php?rest_route=\/wp\/v2\/types\/page"}],"author":[{"embeddable":true,"href":"https:\/\/sv.wilhelm-ostwald-schule.de\/index.php?rest_route=\/wp\/v2\/users\/2"}],"replies":[{"embeddable":true,"href":"https:\/\/sv.wilhelm-ostwald-schule.de\/index.php?rest_route=%2Fwp%2Fv2%2Fcomments&post=8"}],"version-history":[{"count":7,"href":"https:\/\/sv.wilhelm-ostwald-schule.de\/index.php?rest_route=\/wp\/v2\/pages\/8\/revisions"}],"predecessor-version":[{"id":253,"href":"https:\/\/sv.wilhelm-ostwald-schule.de\/index.php?rest_route=\/wp\/v2\/pages\/8\/revisions\/253"}],"wp:attachment":[{"href":"https:\/\/sv.wilhelm-ostwald-schule.de\/index.php?rest_route=%2Fwp%2Fv2%2Fmedia&parent=8"}],"curies":[{"name":"wp","href":"https:\/\/api.w.org\/{rel}","templated":true}]}}