{"id":10,"date":"2007-11-19T18:32:32","date_gmt":"2007-11-19T17:32:32","guid":{"rendered":"http:\/\/sv.wilhelm-ostwald-schule.de\/?page_id=10"},"modified":"2007-11-19T19:41:43","modified_gmt":"2007-11-19T18:41:43","slug":"rechtsgrundlage","status":"publish","type":"page","link":"https:\/\/sv.wilhelm-ostwald-schule.de\/?page_id=10","title":{"rendered":"Rechtsgrundlage"},"content":{"rendered":"<p align=\"left\">Wie viele Dinge im Leben, bedarf auch dieser Blog einer Rechtsgrundlage, damit gekl\u00e4rt ist, wer f\u00fcr diese Seiten verantworlich ist. Angaben zum verantwortlichen Redakteur entnehmen Sie bitte dem Impressum.<\/p>\n<p align=\"left\">         <font size=\"2\">          <strong>Presserechtliche Hinweise<\/strong>        <\/font><\/p>\n<p><a title=\"schuelerzeitung-absn1004d\" name=\"schuelerzeitung-absn1004d\"><\/a>      <!--@ANNOT@schuelerzeitung-absn1004d--><\/p>\n<p class=\"par-left\">F\u00fcr Sch\u00fclerzeitungen gelten stets die Vorschriften des jeweiligen Landespressegesetzes, also hier des Berliner Pressegesetzes (<strong><span class=\"extern\">\u00a7 48 Abs. 2 SchulG<\/span><\/strong>). Damit verbunden sind folgende Verpflichtungen f\u00fcr die Herausgeber von Sch\u00fclerzeitungen:<\/p>\n<table class=\"liste\" border=\"0\" cellpadding=\"0\" cellspacing=\"0\" width=\"95%\">\n<tr>\n<td valign=\"top\" width=\"30\"><nobr>\u2022  <\/nobr><\/td>\n<td valign=\"top\"><a title=\"schuelerzeitung-absn10056\" name=\"schuelerzeitung-absn10056\"><\/a>              <!--@ANNOT@schuelerzeitung-absn10056-->Eine Sch\u00fclerzeitung muss ein Impressum aufweisen.<\/td>\n<\/tr>\n<tr>\n<td valign=\"top\" width=\"30\"><nobr>\u2022  <\/nobr><\/td>\n<td valign=\"top\"><a title=\"schuelerzeitung-absn1005a\" name=\"schuelerzeitung-absn1005a\"><\/a>              <!--@ANNOT@schuelerzeitung-absn1005a-->Eine Sch\u00fclerzeitung muss Namen und Anschrift des Druckers, des Verlages bzw. des Herausgebers und der verantwortlichen Redakteure enthalten.<\/td>\n<\/tr>\n<tr>\n<td valign=\"top\" width=\"30\"><nobr>\u2022  <\/nobr><\/td>\n<td valign=\"top\"><a title=\"schuelerzeitung-absn1005e\" name=\"schuelerzeitung-absn1005e\"><\/a>              <!--@ANNOT@schuelerzeitung-absn1005e-->Im Rahmen der Sch\u00fclerzeitung m\u00fcssen Gegendarstellungen einger\u00e4umt werden, denn bei Tatsachenbehauptungen stehen den betroffenen Personen derartiges zu.<\/td>\n<\/tr>\n<tr>\n<td valign=\"top\" width=\"30\"><nobr>\u2022  <\/nobr><\/td>\n<td valign=\"top\"><a title=\"schuelerzeitung-absn10062\" name=\"schuelerzeitung-absn10062\"><\/a>              <!--@ANNOT@schuelerzeitung-absn10062-->Ein Belegexemplar ist an die im Landespressegesetz benannte Bibliothek abzuliefern.<\/td>\n<\/tr>\n<\/table>\n<p><a title=\"schuelerzeitung-absn10065\" name=\"schuelerzeitung-absn10065\"><\/a>      <!--@ANNOT@schuelerzeitung-absn10065--><\/p>\n<p class=\"par-left\">Mit dem Pressegesetz sind bestimmte Einschr\u00e4nkungen, die die herausgebenden Sch\u00fcler kennen sollten, verbunden. Im Presserecht ist verankert, dass Schranken der Pressefreiheit durch gesetzliche Regelungen zum Schutze der Jugend und in Bezug auf das Recht der pers\u00f6nlichen Ehre gegeben sind. Zu den einschr\u00e4nkenden gesetzlichen Regelungen geh\u00f6ren auch die schulgesetzlichen Vorschriften, die den Bildungs- und Erziehungsauftrag von Schule konkretisieren. Das bezieht sich im Berliner Schulgesetz auf die Bildungs- und Erziehungsziele des<strong><span class=\"extern\"> \u00a7 3 SchulG<\/span><\/strong>.<\/p>\n<p><a title=\"schuelerzeitung-absn1006c\" name=\"schuelerzeitung-absn1006c\"><\/a>      <!--@ANNOT@schuelerzeitung-absn1006c--><\/p>\n<p class=\"par-left\">Zur oben genannten allgemeinen Auskunftspflicht kommt mit hinzu, dass es Aufgabe der Schule ist, ihre Sch\u00fcler, die sich mit einer Sch\u00fclerzeitung befassen, \u00fcber die rechtlichen Feinheiten zu informieren. Dies ist in erster Linie eine Aufgabe des <strong>Schulleiters<\/strong> bzw. der <strong>Erweiterten Schulleitung<\/strong> nach <strong><span class=\"extern\">\u00a7 69 Abs. 2 Nr. 3 SchulG<\/span><\/strong>. Diese Aufgabe ist elementarer Bestandteil des schulischen Bildungsauftrages.<\/p>\n<p align=\"left\">         <font size=\"2\">          <strong>Was ist eine Sch\u00fclerzeitung und wer ist verantwortlich?<\/strong>        <\/font><\/p>\n<p><a title=\"schuelerzeitung-absn1007e\" name=\"schuelerzeitung-absn1007e\"><\/a>      <!--@ANNOT@schuelerzeitung-absn1007e--><\/p>\n<p class=\"par-left\">Der Gesetzgeber hat im Wesentlichen die \u00fcbliche Definition f\u00fcr eine Sch\u00fclerzeitung in <strong><span class=\"extern\">\u00a7 48 Abs. 2 SchulG<\/span><\/strong> \u00fcbernommen.<\/p>\n<p><a title=\"schuelerzeitung-absn10085\" name=\"schuelerzeitung-absn10085\"><\/a>      <!--@ANNOT@schuelerzeitung-absn10085--><\/p>\n<p class=\"par-left\">Eine Sch\u00fclerzeitung (gelegentlich auch Sch\u00fclerzeitschriften genannt) sind periodische Druckerzeugnisse sowie andere akustische, visuelle und elektronische Medien, die von Sch\u00fclern einer oder mehrerer Schulen herausgegeben, redigiert und vertrieben werden.<\/p>\n<p><a title=\"schuelerzeitung-absn10088\" name=\"schuelerzeitung-absn10088\"><\/a>      <!--@ANNOT@schuelerzeitung-absn10088--><\/p>\n<p class=\"par-left\">Obwohl Sch\u00fclerzeitungen im Hinblick auf ihre Redakteure , ihren Zweck und ihren Leserkreis in enger Verbindung zur Schule stehen. Stellen sie eine au\u00dferschulische Einrichtung dar und unterliegen somit nicht der Verantwortung der Schule. Die rechtsgesch\u00e4ftliche Verantwortung liegt ausschlie\u00dflich bei den Herausgebern. Wenn die herausgebenden Sch\u00fcler nicht vollj\u00e4hrig sind, liegt die Verantwortung bei den Erziehungsberechtigten nach den Grunds\u00e4tzen der \u00a7\u00a7 106 ff. BGB (Die beschr\u00e4nkte Gesch\u00e4ftsf\u00e4higkeit zwischen dem 7. und 18. Lebensjahr d\u00fcrfte in diesem Fall eine Einverst\u00e4ndniserkl\u00e4rung bzw. Verantwortlichkeit der Eltern nach sich ziehen.)<\/p>\n<p align=\"left\">         <font size=\"2\">          <strong>Zensur?<\/strong>        <\/font><\/p>\n<p><a title=\"schuelerzeitung-absn10099\" name=\"schuelerzeitung-absn10099\"><\/a>      <!--@ANNOT@schuelerzeitung-absn10099--><\/p>\n<p class=\"par-left\">Die mit der Pressefreiheit und dem Berliner Pressegesetz vorhandenen Grenzen rechtfertigen keine vorbeugende Kontrolle der Sch\u00fclerzeitung durch die Schule. Der <strong><span class=\"extern\">Art. 5 Abs. 1 Satz 3 GG<\/span><\/strong> beinhaltet das Verbot einer Vorzensur oder Pr\u00e4ventivzensur, Einschr\u00e4nkungen vor der Herstellung und der Verbreitung einer Sch\u00fclerzeitung sind nicht zul\u00e4ssig. <strong><span class=\"extern\">\u00a7 48 Abs, 1 SchulG<\/span><\/strong> bekr\u00e4ftigt diese Unzul\u00e4ssigkeit mit dem Satz: \u201eEine Zensur findet nicht statt.\u201d<\/p>\n<p><a title=\"schuelerzeitung-absn100a4\" name=\"schuelerzeitung-absn100a4\"><\/a>      <!--@ANNOT@schuelerzeitung-absn100a4--><\/p>\n<p class=\"par-left\">Welche M\u00f6glichkeiten verbleiben der Schule:<\/p>\n<table class=\"liste\" border=\"0\" cellpadding=\"0\" cellspacing=\"0\" width=\"95%\">\n<tr>\n<td valign=\"top\" width=\"30\"><nobr>\u2022  <\/nobr><\/td>\n<td valign=\"top\"><a title=\"schuelerzeitung-absn100a9\" name=\"schuelerzeitung-absn100a9\"><\/a>              <!--@ANNOT@schuelerzeitung-absn100a9-->Die Schule, in der Regel vertreten durch den Schulleiter, kann den Herausgebern das Angebot der Beratung im Vorfeld der Herausgabe einer Sch\u00fclerzeitung machen. Er kann mit den Sch\u00fclern auf freiwilliger Basis vereinbaren, ihm ein Probeexemplar vor Vertrieb zur Verf\u00fcgung zu stellen, um sie ggf. im Sinne der oben genannten Einschr\u00e4nkungen der Pressefreiheit und Auflagen des Pressegesetzes zu unterst\u00fctzen. Andererseits ist er Schulleiter f\u00fcr das, was auf dem Schulgel\u00e4nde vertrieben bzw. ver\u00f6ffentlicht wird verantwortlich. Er kann sehr wohl anordnen, dass ihm ein Belegexemplar nicht im Sinne von Zensur, sondern Beratung und F\u00fcrsorge, rechtzeitig vorher zugestellt wird. Nur so kann er sachgerecht eine Entscheidung \u00fcber Vertrieb oder Verbot des Vertriebs auf dem Schulgel\u00e4nde treffen.<\/td>\n<\/tr>\n<tr>\n<td valign=\"top\" width=\"30\"><nobr>\u2022  <\/nobr><\/td>\n<td valign=\"top\"><a title=\"schuelerzeitung-absn100ad\" name=\"schuelerzeitung-absn100ad\"><\/a>              <!--@ANNOT@schuelerzeitung-absn100ad-->Wenn sich sogar vor der Herausgabe einer Sch\u00fclerzeitung konkrete Anhaltspunkte f\u00fcr eine rechtswidrige Gestaltung der Sch\u00fclerzeitung ergeben, kann der Schulleiter erst recht die Vorlage der Zeitschrift vor dem Vertrieb anordnen (nach <em>Avenarius<\/em> Nr. 29.262).<\/td>\n<\/tr>\n<tr>\n<td valign=\"top\" width=\"30\"><nobr>\u2022  <\/nobr><\/td>\n<td valign=\"top\"><a title=\"schuelerzeitung-absn100b4\" name=\"schuelerzeitung-absn100b4\"><\/a>              <!--@ANNOT@schuelerzeitung-absn100b4-->Wenn sich im Vorfeld keine Anhaltspunkte ergeben und der Schulleiter kein Vorabexemplar gefordert hat, wird es zum Vertrieb kommen und dem Schulleiter bleibt nur noch die M\u00f6glichkeit zu reagieren.<\/td>\n<\/tr>\n<\/table>\n<p><a title=\"schuelerzeitung-absn100b7\" name=\"schuelerzeitung-absn100b7\"><\/a>      <!--@ANNOT@schuelerzeitung-absn100b7--><\/p>\n<p class=\"par-left\">Der Gesetzgeber (<strong><span class=\"extern\">\u00a7 48 Abs. 3 SchulG<\/span><\/strong>) hat ihm im Einzelfall die M\u00f6glichkeit einger\u00e4umt, den Vertrieb auf dem Schulgel\u00e4nde zu untersagen, wenn der Inhalt der Sch\u00fclerzeitung<\/p>\n<table class=\"liste\" border=\"0\" cellpadding=\"0\" cellspacing=\"0\" width=\"95%\">\n<tr>\n<td valign=\"top\" width=\"30\"><nobr>a)                    <\/nobr><\/td>\n<td valign=\"top\"><a title=\"schuelerzeitung-absn100c1\" name=\"schuelerzeitung-absn100c1\"><\/a>              <!--@ANNOT@schuelerzeitung-absn100c1-->gegen Rechtsvorschriften verst\u00f6\u00dft oder<\/td>\n<\/tr>\n<tr>\n<td valign=\"top\" width=\"30\"><nobr>b)                    <\/nobr><\/td>\n<td valign=\"top\"><a title=\"schuelerzeitung-absn100c5\" name=\"schuelerzeitung-absn100c5\"><\/a>              <!--@ANNOT@schuelerzeitung-absn100c5-->den Schulfrieden erheblich st\u00f6rt.<\/td>\n<\/tr>\n<\/table>\n<p><a title=\"schuelerzeitung-absn100c8\" name=\"schuelerzeitung-absn100c8\"><\/a>      <!--@ANNOT@schuelerzeitung-absn100c8--><\/p>\n<p class=\"par-left\">Dabei ist der Grundsatz der Verh\u00e4ltnism\u00e4\u00dfigkeit zu wahren. Der Schulleiter muss abw\u00e4gen, ob mildere Ma\u00dfnahmen nicht auch in Betracht zu ziehen sind, z.B.<\/p>\n<table class=\"liste\" border=\"0\" cellpadding=\"0\" cellspacing=\"0\" width=\"95%\">\n<tr>\n<td valign=\"top\" width=\"30\"><nobr>\u2022  <\/nobr><\/td>\n<td valign=\"top\"><a title=\"schuelerzeitung-absn100cd\" name=\"schuelerzeitung-absn100cd\"><\/a>              <!--@ANNOT@schuelerzeitung-absn100cd-->Richtigstellung in der n\u00e4chsten Ausgabe<\/td>\n<\/tr>\n<tr>\n<td valign=\"top\" width=\"30\"><nobr>\u2022  <\/nobr><\/td>\n<td valign=\"top\"><a title=\"schuelerzeitung-absn100d1\" name=\"schuelerzeitung-absn100d1\"><\/a>              <!--@ANNOT@schuelerzeitung-absn100d1-->Androhung eines k\u00fcnftigen Vertriebsverbotes<\/td>\n<\/tr>\n<\/table>\n<p><a title=\"schuelerzeitung-absn100d4\" name=\"schuelerzeitung-absn100d4\"><\/a>      <!--@ANNOT@schuelerzeitung-absn100d4--><\/p>\n<p class=\"par-left\">Dar\u00fcber hinaus hat die Schule vertreten durch den Schulleiter die M\u00f6glichkeit<\/p>\n<table class=\"liste\" border=\"0\" cellpadding=\"0\" cellspacing=\"0\" width=\"95%\">\n<tr>\n<td valign=\"top\" width=\"30\"><nobr>\u2022  <\/nobr><\/td>\n<td valign=\"top\"><a title=\"schuelerzeitung-absn100d9\" name=\"schuelerzeitung-absn100d9\"><\/a>              <!--@ANNOT@schuelerzeitung-absn100d9-->privatrechtlich (z.B. Klage auf Widerruf) oder<\/td>\n<\/tr>\n<tr>\n<td valign=\"top\" width=\"30\"><nobr>\u2022  <\/nobr><\/td>\n<td valign=\"top\"><a title=\"schuelerzeitung-absn100dd\" name=\"schuelerzeitung-absn100dd\"><\/a>              <!--@ANNOT@schuelerzeitung-absn100dd-->ggf, strafrechtlich durch Strafanzeige vorzugehen.<\/td>\n<\/tr>\n<\/table>\n<p><a title=\"schuelerzeitung-absn100e0\" name=\"schuelerzeitung-absn100e0\"><\/a>      <!--@ANNOT@schuelerzeitung-absn100e0--><\/p>\n<p class=\"par-left\">Der Vertrieb au\u00dferhalb des Schulgel\u00e4ndes kann nicht untersagt werden. Die Schule und insbesondere der Schulleiter muss abw\u00e4gen zwischen einer eventuellen Auflagensteigerung bei einem Vertriebsverbot auf dem Schulgel\u00e4nde, zwischen den berechtigten schutzw\u00fcrdigen Interessen einzelner oder des Kollegiums und den atmosph\u00e4rischen Auswirkungen insgesamt. Keine rechtliche Darstellung nimmt ihm diese Abw\u00e4gung und Entscheidung ab.<\/p>\n<p><a title=\"schuelerzeitung-absn100e3\" name=\"schuelerzeitung-absn100e3\"><\/a>      <!--@ANNOT@schuelerzeitung-absn100e3--><\/p>\n<p class=\"par-left\">Der Gesetzgeber hat dem Schulleiter gleichzeitig aufgetragen, die <strong>Schulkonferenz<\/strong> in ihrer Vermittlerrolle (<strong><span class=\"extern\">nach \u00a7 75 Abs. 2 SchulG<\/span><\/strong>) bei Konflikten einzubeziehen. Nur wenn diese den Konflikt nicht beilegen kann oder nicht rechtzeitig beilegen kann, hat er im Rahmen der Eilkompetenz (<strong><span class=\"extern\">\u00a7 70 SchulG<\/span><\/strong>) t\u00e4tig zu werden.<\/p>\n<p><a title=\"schuelerzeitung-absn100f2\" name=\"schuelerzeitung-absn100f2\"><\/a>      <!--@ANNOT@schuelerzeitung-absn100f2--><\/p>\n<p class=\"par-left\">Kommt es zum Vertrieb einer Sch\u00fclerzeitung, die aufgrund von Rechtsverst\u00f6\u00dfen den hinnehmbaren Rahmen sprengt, so bleiben der Schule nachtr\u00e4gliche Sanktionen unbenommen, Pflichtverletzungen eines Redakteurs k\u00f6nnen mit <strong>Ordnungsma\u00dfnahmen<\/strong> geahndet werden.<\/p>\n<p><!--  NODE:ABS1  -->             <a title=\"schuelerzeitung-5\" name=\"schuelerzeitung-5\"><\/a>      <!--@ANNOT@schuelerzeitung-5--><\/p>\n<p align=\"left\">         <font size=\"2\">          <strong>Was ist hinnehmbar und was nicht?<\/strong>        <\/font><\/p>\n<p><a title=\"schuelerzeitung-absn100fc\" name=\"schuelerzeitung-absn100fc\"><\/a>      <!--@ANNOT@schuelerzeitung-absn100fc--><\/p>\n<p class=\"par-left\">Eine Grenzziehung zwischen Hinnehmbarem und nicht Hinnehmbarem ist schwer und es ist stets im Einzelfall abzuw\u00e4gen.<\/p>\n<p><!--  NODE:ABS2  -->             <a title=\"schuelerzeitung-5-1\" name=\"schuelerzeitung-5-1\"><\/a>      <!--@ANNOT@schuelerzeitung-5-1--><\/p>\n<p align=\"left\">         <font size=\"2\">          <strong>Mit Sicherheit ist folgendes hinzunehmen:<\/strong>        <\/font><\/p>\n<p><a title=\"schuelerzeitung-absn10102\" name=\"schuelerzeitung-absn10102\"><\/a>      <!--@ANNOT@schuelerzeitung-absn10102--><\/p>\n<p class=\"par-left\">&nbsp;<\/p>\n<table class=\"liste\" border=\"0\" cellpadding=\"0\" cellspacing=\"0\" width=\"95%\">\n<tr>\n<td valign=\"top\" width=\"30\"><nobr>\u2022  <\/nobr><\/td>\n<td valign=\"top\"><a title=\"schuelerzeitung-absn10106\" name=\"schuelerzeitung-absn10106\"><\/a>              <!--@ANNOT@schuelerzeitung-absn10106-->Polemische Kritik von Missst\u00e4nden an der Schule ist in der Regel nicht als St\u00f6rung des Schulfriedens anzusehen.<\/td>\n<\/tr>\n<tr>\n<td valign=\"top\" width=\"30\"><nobr>\u2022  <\/nobr><\/td>\n<td valign=\"top\"><a title=\"schuelerzeitung-absn1010a\" name=\"schuelerzeitung-absn1010a\"><\/a>              <!--@ANNOT@schuelerzeitung-absn1010a-->Karikaturen oder Glossen \u00fcber Lehrer und Sch\u00fcler k\u00f6nnen durchaus den Schulfrieden st\u00f6ren und die Ehre der Betroffenen herabsetzen, allerdings darf kein enger Ma\u00dfstab angelegt werden.<\/td>\n<\/tr>\n<tr>\n<td valign=\"top\" width=\"30\"><nobr>\u2022  <\/nobr><\/td>\n<td valign=\"top\"><a title=\"schuelerzeitung-absn1010e\" name=\"schuelerzeitung-absn1010e\"><\/a>              <!--@ANNOT@schuelerzeitung-absn1010e-->Weggeworfene Zeitungsexemplare sind unsch\u00f6n und erh\u00f6hen den Reinigungsaufwand, sind aber keine St\u00f6rung des Schulfriedens und nicht den Zeitungsredakteuren anzulasten.<\/td>\n<\/tr>\n<\/table>\n<p><a title=\"schuelerzeitung-absn10111\" name=\"schuelerzeitung-absn10111\"><\/a>      <!--@ANNOT@schuelerzeitung-absn10111--><\/p>\n<p class=\"par-left\">Das Bundesverfassungsgericht hat in einer diesbez\u00fcglichen Entscheidung die Auffassung vertreten, dass engagierte, \u00fcberzogene und einseitige Meinungs\u00e4u\u00dferungen von Jugendlichen und Heranwachsenden nicht in gleicher Weise auf die Goldwaage gelegt werden d\u00fcrfen wie bei gereiften Menschen.<\/p>\n<p><!--  NODE:ABS2  -->             <a title=\"schuelerzeitung-5-2\" name=\"schuelerzeitung-5-2\"><\/a>      <!--@ANNOT@schuelerzeitung-5-2--><\/p>\n<p align=\"left\">         <font size=\"2\">          <strong>Nicht hinnehmbar sind z. B.:<\/strong>        <\/font><\/p>\n<p><a title=\"schuelerzeitung-absn10117\" name=\"schuelerzeitung-absn10117\"><\/a>      <!--@ANNOT@schuelerzeitung-absn10117--><\/p>\n<p class=\"par-left\">&nbsp;<\/p>\n<table class=\"liste\" border=\"0\" cellpadding=\"0\" cellspacing=\"0\" width=\"95%\">\n<tr>\n<td valign=\"top\" width=\"30\"><nobr>\u2022  <\/nobr><\/td>\n<td valign=\"top\"><a title=\"schuelerzeitung-absn1011b\" name=\"schuelerzeitung-absn1011b\"><\/a>              <!--@ANNOT@schuelerzeitung-absn1011b-->H\u00e4mische Berichterstattung \u00fcber Angeh\u00f6rige der Schule mit dem Ziel der Verletzung ihrer Pers\u00f6nlichkeitsrechte, der Aufforderung sie \u201ekaputtzumachen\u201d oder der Aufruf zu strafbaren Handlungen.<\/td>\n<\/tr>\n<tr>\n<td valign=\"top\" width=\"30\"><nobr>\u2022  <\/nobr><\/td>\n<td valign=\"top\"><a title=\"schuelerzeitung-absn1011f\" name=\"schuelerzeitung-absn1011f\"><\/a>              <!--@ANNOT@schuelerzeitung-absn1011f-->Verbreitung von rechtsextremen Gedankengut bzw. Verst\u00f6\u00dfe gegen die Zielsetzungen des <strong><span class=\"extern\">\u00a7 1 SchulG<\/span><\/strong> und die bildungs- und Erziehungsziele des <strong><span class=\"extern\">\u00a7 3 SchulG<\/span><\/strong>.<\/td>\n<\/tr>\n<tr>\n<td valign=\"top\" width=\"30\"><nobr>\u2022  <\/nobr><\/td>\n<td valign=\"top\"><a title=\"schuelerzeitung-absn1012b\" name=\"schuelerzeitung-absn1012b\"><\/a>              <!--@ANNOT@schuelerzeitung-absn1012b-->Aufruf zum Sch\u00fclerstreik oder sonstiger Boykott des Unterrichtsbetriebes<\/td>\n<\/tr>\n<tr>\n<td valign=\"top\" width=\"30\"><nobr>\u2022  <\/nobr><\/td>\n<td valign=\"top\"><a title=\"schuelerzeitung-absn1012f\" name=\"schuelerzeitung-absn1012f\"><\/a>              <!--@ANNOT@schuelerzeitung-absn1012f-->Eine Grenzziehung hat der Gesetzgeber mit <strong><span class=\"extern\">\u00a7 48 Abs. 5 SchulG<\/span><\/strong> vorgenommen, wonach einseitige politische Beeinflussung einschlie\u00dflich Werbung zu politischen Zwecken auf dem Schulgel\u00e4nde w\u00e4hrend der Unterrichtszeit nicht zul\u00e4ssig sind.<\/td>\n<\/tr>\n<\/table>\n<p><!--  NODE:RECHTSGRUNDLAGEN  -->             <a title=\"schuelerzeitung-iii\" name=\"schuelerzeitung-iii\"><\/a>      <!--@ANNOT@schuelerzeitung-iii--><\/p>\n<p class=\"sub_title\">         <font size=\"2\">          <strong>III. Rechtsgrundlagen<\/strong>        <\/font><\/p>\n<p><a title=\"schuelerzeitung-absn10138\" name=\"schuelerzeitung-absn10138\"><\/a>      <!--@ANNOT@schuelerzeitung-absn10138--><\/p>\n<p class=\"par-left\">&nbsp;<\/p>\n<table class=\"liste\" border=\"0\" cellpadding=\"0\" cellspacing=\"0\" width=\"95%\">\n<tr>\n<td valign=\"top\" width=\"30\"><nobr>\u2022  <\/nobr><\/td>\n<td valign=\"top\"><a title=\"schuelerzeitung-absn1013c\" name=\"schuelerzeitung-absn1013c\"><\/a>              <!--@ANNOT@schuelerzeitung-absn1013c-->Schulgesetz f\u00fcr das Land Berlin (<strong><span class=\"extern\">SchulG<\/span><\/strong>)<\/td>\n<\/tr>\n<tr>\n<td valign=\"top\" width=\"30\"><nobr>\u2022  <\/nobr><\/td>\n<td valign=\"top\"><a title=\"schuelerzeitung-absn10144\" name=\"schuelerzeitung-absn10144\"><\/a>              <!--@ANNOT@schuelerzeitung-absn10144-->Grundgesetz der Bundesrepublik Deutschland (<strong><span class=\"extern\">GG<\/span><\/strong>)<\/td>\n<\/tr>\n<tr>\n<td valign=\"top\" width=\"30\"><nobr>\u2022  <\/nobr><\/td>\n<td valign=\"top\"><a title=\"schuelerzeitung-absn1014c\" name=\"schuelerzeitung-absn1014c\"><\/a>              <!--@ANNOT@schuelerzeitung-absn1014c-->B\u00fcrgerliches Gesetzbuch (BGB)<\/td>\n<\/tr>\n<\/table>\n<p>Quelle: Schullink Luchterhand- Wolters Kluwer Deutschland GmbH<\/p>\n<p class=\"par-left\">&nbsp;<\/p>\n<p class=\"par-left\">&nbsp;<\/p>\n","protected":false},"excerpt":{"rendered":"<p>Wie viele Dinge im Leben, bedarf auch dieser Blog einer Rechtsgrundlage, damit gekl\u00e4rt ist, wer f\u00fcr diese Seiten verantworlich ist. Angaben zum verantwortlichen Redakteur entnehmen Sie bitte dem Impressum. Presserechtliche &hellip; <\/p>\n<p class=\"link-more\"><a href=\"https:\/\/sv.wilhelm-ostwald-schule.de\/?page_id=10\" class=\"more-link\"><span class=\"screen-reader-text\">\u201eRechtsgrundlage\u201c<\/span> weiterlesen<\/a><\/p>\n","protected":false},"author":2,"featured_media":0,"parent":0,"menu_order":0,"comment_status":"open","ping_status":"open","template":"","meta":[],"_links":{"self":[{"href":"https:\/\/sv.wilhelm-ostwald-schule.de\/index.php?rest_route=\/wp\/v2\/pages\/10"}],"collection":[{"href":"https:\/\/sv.wilhelm-ostwald-schule.de\/index.php?rest_route=\/wp\/v2\/pages"}],"about":[{"href":"https:\/\/sv.wilhelm-ostwald-schule.de\/index.php?rest_route=\/wp\/v2\/types\/page"}],"author":[{"embeddable":true,"href":"https:\/\/sv.wilhelm-ostwald-schule.de\/index.php?rest_route=\/wp\/v2\/users\/2"}],"replies":[{"embeddable":true,"href":"https:\/\/sv.wilhelm-ostwald-schule.de\/index.php?rest_route=%2Fwp%2Fv2%2Fcomments&post=10"}],"version-history":[{"count":0,"href":"https:\/\/sv.wilhelm-ostwald-schule.de\/index.php?rest_route=\/wp\/v2\/pages\/10\/revisions"}],"wp:attachment":[{"href":"https:\/\/sv.wilhelm-ostwald-schule.de\/index.php?rest_route=%2Fwp%2Fv2%2Fmedia&parent=10"}],"curies":[{"name":"wp","href":"https:\/\/api.w.org\/{rel}","templated":true}]}}